{"id":80,"date":"2021-05-26T10:30:33","date_gmt":"2021-05-26T08:30:33","guid":{"rendered":"https:\/\/velvet.somoswoko.com\/haz-nuestro-test-de-nivel\/?page_id=80"},"modified":"2023-02-08T15:09:38","modified_gmt":"2023-02-08T14:09:38","slug":"haz-nuestro-test-de-nivel","status":"publish","type":"page","link":"https:\/\/velvetschool.com\/haz-nuestro-test-de-nivel\/","title":{"rendered":"Prueba de nivel"},"content":{"rendered":"","protected":false},"excerpt":{"rendered":"","protected":false},"author":8,"featured_media":0,"parent":0,"menu_order":0,"comment_status":"closed","ping_status":"closed","template":"selector-test.php","meta":{"footnotes":""},"class_list":["post-80","page","type-page","status-publish","hentry"],"yoast_head":"<!-- This site is optimized with the Yoast SEO plugin v22.2 - https:\/\/yoast.com\/wordpress\/plugins\/seo\/ -->\n<title>Prueba de nivel | Velvet School Bilbao<\/title>\n<meta name=\"description\" content=\"\u00bfNo sabes cu\u00e1l es tu nivel de ingl\u00e9s? Desc\u00fabrelo gratis y en pocos minutos con nuestra prueba gratuita. Desde Velvet School te ayudamos a mejorar tu nivel de ingl\u00e9s con clases personalizadas.\" \/>\n<meta name=\"robots\" content=\"index, follow, max-snippet:-1, max-image-preview:large, max-video-preview:-1\" \/>\n<link rel=\"canonical\" href=\"https:\/\/velvetschool.com\/haz-nuestro-test-de-nivel\/\" \/>\n<meta property=\"og:locale\" content=\"es_ES\" \/>\n<meta property=\"og:type\" content=\"article\" \/>\n<meta property=\"og:title\" content=\"Prueba de nivel | Velvet School Bilbao\" \/>\n<meta property=\"og:description\" content=\"\u00bfNo sabes cu\u00e1l es tu nivel de ingl\u00e9s? Desc\u00fabrelo gratis y en pocos minutos con nuestra prueba gratuita. Desde Velvet School te ayudamos a mejorar tu nivel de ingl\u00e9s con clases personalizadas.\" \/>\n<meta property=\"og:url\" content=\"https:\/\/velvetschool.com\/haz-nuestro-test-de-nivel\/\" \/>\n<meta property=\"og:site_name\" content=\"Academia Ingl\u00e9s Bilbao | Cursos Intensivos ingl\u00e9s | Idiomas en Bilbao\" \/>\n<meta property=\"article:publisher\" content=\"https:\/\/es-es.facebook.com\/Velvetschoolidiomas\/\" \/>\n<meta property=\"article:modified_time\" content=\"2023-02-08T14:09:38+00:00\" \/>\n<meta name=\"twitter:card\" content=\"summary_large_image\" \/>\n<meta name=\"twitter:site\" content=\"@velvet_school\" \/>\n<script type=\"application\/ld+json\" class=\"yoast-schema-graph\">{\"@context\":\"https:\/\/schema.org\",\"@graph\":[{\"@type\":\"WebPage\",\"@id\":\"https:\/\/velvetschool.com\/haz-nuestro-test-de-nivel\/\",\"url\":\"https:\/\/velvetschool.com\/haz-nuestro-test-de-nivel\/\",\"name\":\"Prueba de nivel | Velvet School Bilbao\",\"isPartOf\":{\"@id\":\"https:\/\/velvetschool.com\/haz-nuestro-test-de-nivel\/#website\"},\"datePublished\":\"2021-05-26T08:30:33+00:00\",\"dateModified\":\"2023-02-08T14:09:38+00:00\",\"description\":\"\u00bfNo sabes cu\u00e1l es tu nivel de ingl\u00e9s? Desc\u00fabrelo gratis y en pocos minutos con nuestra prueba gratuita. Desde Velvet School te ayudamos a mejorar tu nivel de ingl\u00e9s con clases personalizadas.\",\"breadcrumb\":{\"@id\":\"https:\/\/velvetschool.com\/haz-nuestro-test-de-nivel\/#breadcrumb\"},\"inLanguage\":\"es\",\"potentialAction\":[{\"@type\":\"ReadAction\",\"target\":[\"https:\/\/velvetschool.com\/haz-nuestro-test-de-nivel\/\"]}]},{\"@type\":\"BreadcrumbList\",\"@id\":\"https:\/\/velvetschool.com\/haz-nuestro-test-de-nivel\/#breadcrumb\",\"itemListElement\":[{\"@type\":\"ListItem\",\"position\":1,\"name\":\"Portada\",\"item\":\"https:\/\/velvetschool.com\/haz-nuestro-test-de-nivel\/\"},{\"@type\":\"ListItem\",\"position\":2,\"name\":\"Prueba de nivel\"}]},{\"@type\":\"WebSite\",\"@id\":\"https:\/\/velvetschool.com\/haz-nuestro-test-de-nivel\/#website\",\"url\":\"https:\/\/velvetschool.com\/haz-nuestro-test-de-nivel\/\",\"name\":\"Velvet School\",\"description\":\"Velvet School es una academia de ingl\u00e9s en Bilbao, que ofrece cursos de idiomas y clases de ingl\u00e9s para ni\u00f1os, adultos y empresa. \u00a1Estudia ingl\u00e9s en Bilbao!\",\"publisher\":{\"@id\":\"https:\/\/velvetschool.com\/haz-nuestro-test-de-nivel\/#organization\"},\"potentialAction\":[{\"@type\":\"SearchAction\",\"target\":{\"@type\":\"EntryPoint\",\"urlTemplate\":\"https:\/\/velvetschool.com\/haz-nuestro-test-de-nivel\/?s={search_term_string}\"},\"query-input\":\"required name=search_term_string\"}],\"inLanguage\":\"es\"},{\"@type\":\"Organization\",\"@id\":\"https:\/\/velvetschool.com\/haz-nuestro-test-de-nivel\/#organization\",\"name\":\"Velvet School\",\"url\":\"https:\/\/velvetschool.com\/haz-nuestro-test-de-nivel\/\",\"logo\":{\"@type\":\"ImageObject\",\"inLanguage\":\"es\",\"@id\":\"https:\/\/velvetschool.com\/haz-nuestro-test-de-nivel\/#\/schema\/logo\/image\/\",\"url\":\"https:\/\/velvetschool.com\/haz-nuestro-test-de-nivel\/wp-content\/uploads\/2021\/09\/velvet-school-idiomas.png\",\"contentUrl\":\"https:\/\/velvetschool.com\/haz-nuestro-test-de-nivel\/wp-content\/uploads\/2021\/09\/velvet-school-idiomas.png\",\"width\":267,\"height\":76,\"caption\":\"Velvet School\"},\"image\":{\"@id\":\"https:\/\/velvetschool.com\/haz-nuestro-test-de-nivel\/#\/schema\/logo\/image\/\"},\"sameAs\":[\"https:\/\/es-es.facebook.com\/Velvetschoolidiomas\/\",\"https:\/\/twitter.com\/velvet_school\"]}]}<\/script>\n<!-- \/ Yoast SEO plugin. -->","yoast_head_json":{"title":"Prueba de nivel | Velvet School Bilbao","description":"\u00bfNo sabes cu\u00e1l es tu nivel de ingl\u00e9s? Desc\u00fabrelo gratis y en pocos minutos con nuestra prueba gratuita. Desde Velvet School te ayudamos a mejorar tu nivel de ingl\u00e9s con clases personalizadas.","robots":{"index":"index","follow":"follow","max-snippet":"max-snippet:-1","max-image-preview":"max-image-preview:large","max-video-preview":"max-video-preview:-1"},"canonical":"https:\/\/velvetschool.com\/haz-nuestro-test-de-nivel\/","og_locale":"es_ES","og_type":"article","og_title":"Prueba de nivel | Velvet School Bilbao","og_description":"\u00bfNo sabes cu\u00e1l es tu nivel de ingl\u00e9s? Desc\u00fabrelo gratis y en pocos minutos con nuestra prueba gratuita. Desde Velvet School te ayudamos a mejorar tu nivel de ingl\u00e9s con clases personalizadas.","og_url":"https:\/\/velvetschool.com\/haz-nuestro-test-de-nivel\/","og_site_name":"Academia Ingl\u00e9s Bilbao | Cursos Intensivos ingl\u00e9s | Idiomas en Bilbao","article_publisher":"https:\/\/es-es.facebook.com\/Velvetschoolidiomas\/","article_modified_time":"2023-02-08T14:09:38+00:00","twitter_card":"summary_large_image","twitter_site":"@velvet_school","schema":{"@context":"https:\/\/schema.org","@graph":[{"@type":"WebPage","@id":"https:\/\/velvetschool.com\/haz-nuestro-test-de-nivel\/","url":"https:\/\/velvetschool.com\/haz-nuestro-test-de-nivel\/","name":"Prueba de nivel | Velvet School Bilbao","isPartOf":{"@id":"https:\/\/velvetschool.com\/haz-nuestro-test-de-nivel\/#website"},"datePublished":"2021-05-26T08:30:33+00:00","dateModified":"2023-02-08T14:09:38+00:00","description":"\u00bfNo sabes cu\u00e1l es tu nivel de ingl\u00e9s? Desc\u00fabrelo gratis y en pocos minutos con nuestra prueba gratuita. Desde Velvet School te ayudamos a mejorar tu nivel de ingl\u00e9s con clases personalizadas.","breadcrumb":{"@id":"https:\/\/velvetschool.com\/haz-nuestro-test-de-nivel\/#breadcrumb"},"inLanguage":"es","potentialAction":[{"@type":"ReadAction","target":["https:\/\/velvetschool.com\/haz-nuestro-test-de-nivel\/"]}]},{"@type":"BreadcrumbList","@id":"https:\/\/velvetschool.com\/haz-nuestro-test-de-nivel\/#breadcrumb","itemListElement":[{"@type":"ListItem","position":1,"name":"Portada","item":"https:\/\/velvetschool.com\/haz-nuestro-test-de-nivel\/"},{"@type":"ListItem","position":2,"name":"Prueba de nivel"}]},{"@type":"WebSite","@id":"https:\/\/velvetschool.com\/haz-nuestro-test-de-nivel\/#website","url":"https:\/\/velvetschool.com\/haz-nuestro-test-de-nivel\/","name":"Velvet School","description":"Velvet School es una academia de ingl\u00e9s en Bilbao, que ofrece cursos de idiomas y clases de ingl\u00e9s para ni\u00f1os, adultos y empresa. \u00a1Estudia ingl\u00e9s en Bilbao!","publisher":{"@id":"https:\/\/velvetschool.com\/haz-nuestro-test-de-nivel\/#organization"},"potentialAction":[{"@type":"SearchAction","target":{"@type":"EntryPoint","urlTemplate":"https:\/\/velvetschool.com\/haz-nuestro-test-de-nivel\/?s={search_term_string}"},"query-input":"required name=search_term_string"}],"inLanguage":"es"},{"@type":"Organization","@id":"https:\/\/velvetschool.com\/haz-nuestro-test-de-nivel\/#organization","name":"Velvet School","url":"https:\/\/velvetschool.com\/haz-nuestro-test-de-nivel\/","logo":{"@type":"ImageObject","inLanguage":"es","@id":"https:\/\/velvetschool.com\/haz-nuestro-test-de-nivel\/#\/schema\/logo\/image\/","url":"https:\/\/velvetschool.com\/haz-nuestro-test-de-nivel\/wp-content\/uploads\/2021\/09\/velvet-school-idiomas.png","contentUrl":"https:\/\/velvetschool.com\/haz-nuestro-test-de-nivel\/wp-content\/uploads\/2021\/09\/velvet-school-idiomas.png","width":267,"height":76,"caption":"Velvet School"},"image":{"@id":"https:\/\/velvetschool.com\/haz-nuestro-test-de-nivel\/#\/schema\/logo\/image\/"},"sameAs":["https:\/\/es-es.facebook.com\/Velvetschoolidiomas\/","https:\/\/twitter.com\/velvet_school"]}]}},"_links":{"self":[{"href":"https:\/\/velvetschool.com\/haz-nuestro-test-de-nivel\/wp-json\/wp\/v2\/pages\/80","targetHints":{"allow":["GET"]}}],"collection":[{"href":"https:\/\/velvetschool.com\/haz-nuestro-test-de-nivel\/wp-json\/wp\/v2\/pages"}],"about":[{"href":"https:\/\/velvetschool.com\/haz-nuestro-test-de-nivel\/wp-json\/wp\/v2\/types\/page"}],"author":[{"embeddable":true,"href":"https:\/\/velvetschool.com\/haz-nuestro-test-de-nivel\/wp-json\/wp\/v2\/users\/8"}],"replies":[{"embeddable":true,"href":"https:\/\/velvetschool.com\/haz-nuestro-test-de-nivel\/wp-json\/wp\/v2\/comments?post=80"}],"version-history":[{"count":1,"href":"https:\/\/velvetschool.com\/haz-nuestro-test-de-nivel\/wp-json\/wp\/v2\/pages\/80\/revisions"}],"predecessor-version":[{"id":15271,"href":"https:\/\/velvetschool.com\/haz-nuestro-test-de-nivel\/wp-json\/wp\/v2\/pages\/80\/revisions\/15271"}],"wp:attachment":[{"href":"https:\/\/velvetschool.com\/haz-nuestro-test-de-nivel\/wp-json\/wp\/v2\/media?parent=80"}],"curies":[{"name":"wp","href":"https:\/\/api.w.org\/{rel}","templated":true}]}}